{"id":40,"date":"2019-06-25T09:34:01","date_gmt":"2019-06-25T09:34:01","guid":{"rendered":"http:\/\/muehlenmuseum-steinmuehle.de\/?page_id=40"},"modified":"2019-06-25T19:42:15","modified_gmt":"2019-06-25T19:42:15","slug":"die-muehle-schorbach-neue-sichtweisen-fotoausstellung","status":"publish","type":"page","link":"https:\/\/muehlenmuseum-steinmuehle.de\/?page_id=40","title":{"rendered":"Die M\u00fchle Schorbach &#8211; Neue Sichtweisen &#8211;  Fotoausstellung &#8211;"},"content":{"rendered":"<p>Wer kennt ihn nicht, den Werner Thuleweit aus Neukirchen, den ehemaligen Banker mit vielf\u00e4ltigen Interessen, der sich nun schon lange der Fotografie verschrieben hat. Seine Leidenschaft sind im Sinne des Wortes \u201eNaturbilder\u201c, wobei er sich den seltenen einheimischen Blumen in \u201emalerischer Unsch\u00e4rfe\u201c widmet. Wer allerdings eine \u201etypische Thuleweit-Blumenreportage\u201c erwartet hat, wird heute nun einen anderen erleben, der mit seinen Freunden vom Foto-Club Neukirchen ein einzigartiges Projekt auf die Beine gestellt hat. Jeder f\u00fcr sich hat seine Eindr\u00fccke der \u201eSchorbacher M\u00fchle\u201c in einer Weise festgehalten, die von K\u00f6nnen sowie von Kreativit\u00e4t zeugen.<\/p>\n<p>&nbsp;<\/p>\n<p><a href=\"http:\/\/muehlenmuseum-steinmuehle.de\/wp-content\/uploads\/2019\/06\/20182130-Thuleweit-Mueum-der-Schwalm.jpg\" data-rel=\"lightbox-image-0\" data-rl_title=\"\" data-rl_caption=\"\" title=\"\"><img loading=\"lazy\" decoding=\"async\" class=\"alignright wp-image-245 size-medium\" src=\"http:\/\/muehlenmuseum-steinmuehle.de\/wp-content\/uploads\/2019\/06\/20182130-Thuleweit-Mueum-der-Schwalm-288x300.jpg\" alt=\"\" width=\"288\" height=\"300\" srcset=\"https:\/\/muehlenmuseum-steinmuehle.de\/wp-content\/uploads\/2019\/06\/20182130-Thuleweit-Mueum-der-Schwalm-288x300.jpg 288w, https:\/\/muehlenmuseum-steinmuehle.de\/wp-content\/uploads\/2019\/06\/20182130-Thuleweit-Mueum-der-Schwalm-768x801.jpg 768w, https:\/\/muehlenmuseum-steinmuehle.de\/wp-content\/uploads\/2019\/06\/20182130-Thuleweit-Mueum-der-Schwalm-982x1024.jpg 982w, https:\/\/muehlenmuseum-steinmuehle.de\/wp-content\/uploads\/2019\/06\/20182130-Thuleweit-Mueum-der-Schwalm-144x150.jpg 144w, https:\/\/muehlenmuseum-steinmuehle.de\/wp-content\/uploads\/2019\/06\/20182130-Thuleweit-Mueum-der-Schwalm.jpg 1210w\" sizes=\"(max-width: 288px) 100vw, 288px\" \/><\/a>So entstanden Fotos, die man ohne Abstriche \u201eBilder\u201c nennen kann, lassen sie doch weitgehend das Umfeld weg und konzentrieren sich auf die \u201eeine Bewegung\u201c, den \u201eMoment von Beginn oder Ende\u201c, den \u201eStoff\/das Material\u201c, die \u201efachm\u00e4nnische Haltung\u201c, die \u201eskurile Beigabe\u201c oder auch auf eine witzige Umformung uns heute gel\u00e4ufiger Selbstverst\u00e4ndlichkeiten wie \u201eKommunikationsmittel\u201c. Wer den Unterschied zwischen Fotograf und \u201eKnipser\u201c ohne weitere Erkl\u00e4rungen erfahren m\u00f6chte, kommt an dieser Ausstellung nicht vorbei.<\/p>\n<p><strong>Derzeit k\u00f6nnen die Bilder in der Kulturscheune der Steinm\u00fchle bewundert werden. Wer Interesse an einem der Expoante hat kann dieses auch k\u00e4uflich erwerben.<\/strong><\/p>\n<p><strong>Kommen Sie nach Terminvereinbaurng einfach in der Steinm\u00fchle vorbei.<\/strong><\/p>\n<div class=\"rl-gallery-container rl-loading\" id=\"rl-gallery-container-1\" data-gallery_id=\"275\"> <div class=\"rl-gallery rl-basicgrid-gallery \" id=\"rl-gallery-1\" data-gallery_no=\"1\"> <div class=\"rl-gallery-item\"><a href=\"https:\/\/muehlenmuseum-steinmuehle.de\/wp-content\/uploads\/2019\/06\/K1600_20190611_170604-e1561491859615.jpg\" title=\"\" data-rl_title=\"\" class=\"rl-gallery-link\" data-rl_caption=\"\" data-rel=\"lightbox-gallery-1\"><img loading=\"lazy\" decoding=\"async\" src=\"https:\/\/muehlenmuseum-steinmuehle.de\/wp-content\/uploads\/2019\/06\/K1600_20190611_170604-e1561491859615-225x300.jpg\" width=\"225\" height=\"300\" alt=\"\" \/><\/a><\/div><div class=\"rl-gallery-item\"><a href=\"https:\/\/muehlenmuseum-steinmuehle.de\/wp-content\/uploads\/2019\/06\/K1600_20190611_170634.jpg\" title=\"\" data-rl_title=\"\" class=\"rl-gallery-link\" data-rl_caption=\"\" data-rel=\"lightbox-gallery-1\"><img loading=\"lazy\" decoding=\"async\" src=\"https:\/\/muehlenmuseum-steinmuehle.de\/wp-content\/uploads\/2019\/06\/K1600_20190611_170634-300x225.jpg\" width=\"300\" height=\"225\" alt=\"\" \/><\/a><\/div><div class=\"rl-gallery-item\"><a href=\"https:\/\/muehlenmuseum-steinmuehle.de\/wp-content\/uploads\/2019\/06\/K1600_20190611_170710-e1561491795435.jpg\" title=\"\" data-rl_title=\"\" class=\"rl-gallery-link\" data-rl_caption=\"\" data-rel=\"lightbox-gallery-1\"><img loading=\"lazy\" decoding=\"async\" src=\"https:\/\/muehlenmuseum-steinmuehle.de\/wp-content\/uploads\/2019\/06\/K1600_20190611_170710-e1561491795435-225x300.jpg\" width=\"225\" height=\"300\" alt=\"\" \/><\/a><\/div><div class=\"rl-gallery-item\"><a href=\"https:\/\/muehlenmuseum-steinmuehle.de\/wp-content\/uploads\/2019\/06\/K1600_20190611_170726.jpg\" title=\"\" data-rl_title=\"\" class=\"rl-gallery-link\" data-rl_caption=\"\" data-rel=\"lightbox-gallery-1\"><img loading=\"lazy\" decoding=\"async\" src=\"https:\/\/muehlenmuseum-steinmuehle.de\/wp-content\/uploads\/2019\/06\/K1600_20190611_170726-300x225.jpg\" width=\"300\" height=\"225\" alt=\"\" \/><\/a><\/div> <\/div> <\/div>\n","protected":false},"excerpt":{"rendered":"<p>Wer kennt ihn nicht, den Werner Thuleweit aus Neukirchen, den ehemaligen Banker mit vielf\u00e4ltigen Interessen, der sich nun schon lange der Fotografie verschrieben hat. Seine Leidenschaft sind im Sinne des Wortes \u201eNaturbilder\u201c, wobei er sich den seltenen einheimischen Blumen in \u201emalerischer Unsch\u00e4rfe\u201c widmet. Wer allerdings eine \u201etypische Thuleweit-Blumenreportage\u201c erwartet hat,&#8230;<\/p>\n<p> <a class=\"continue-reading-link\" href=\"https:\/\/muehlenmuseum-steinmuehle.de\/?page_id=40\"><span>Weiterlesen<\/span><i class=\"crycon-right-dir\"><\/i><\/a> <\/p>\n","protected":false},"author":1,"featured_media":0,"parent":0,"menu_order":0,"comment_status":"closed","ping_status":"closed","template":"","meta":{"footnotes":""},"_links":{"self":[{"href":"https:\/\/muehlenmuseum-steinmuehle.de\/index.php?rest_route=\/wp\/v2\/pages\/40"}],"collection":[{"href":"https:\/\/muehlenmuseum-steinmuehle.de\/index.php?rest_route=\/wp\/v2\/pages"}],"about":[{"href":"https:\/\/muehlenmuseum-steinmuehle.de\/index.php?rest_route=\/wp\/v2\/types\/page"}],"author":[{"embeddable":true,"href":"https:\/\/muehlenmuseum-steinmuehle.de\/index.php?rest_route=\/wp\/v2\/users\/1"}],"replies":[{"embeddable":true,"href":"https:\/\/muehlenmuseum-steinmuehle.de\/index.php?rest_route=%2Fwp%2Fv2%2Fcomments&post=40"}],"version-history":[{"count":8,"href":"https:\/\/muehlenmuseum-steinmuehle.de\/index.php?rest_route=\/wp\/v2\/pages\/40\/revisions"}],"predecessor-version":[{"id":280,"href":"https:\/\/muehlenmuseum-steinmuehle.de\/index.php?rest_route=\/wp\/v2\/pages\/40\/revisions\/280"}],"wp:attachment":[{"href":"https:\/\/muehlenmuseum-steinmuehle.de\/index.php?rest_route=%2Fwp%2Fv2%2Fmedia&parent=40"}],"curies":[{"name":"wp","href":"https:\/\/api.w.org\/{rel}","templated":true}]}}