{"id":38,"date":"2019-06-25T09:32:54","date_gmt":"2019-06-25T09:32:54","guid":{"rendered":"http:\/\/muehlenmuseum-steinmuehle.de\/?page_id=38"},"modified":"2019-06-25T18:19:43","modified_gmt":"2019-06-25T18:19:43","slug":"rotkaeppchenbahnradweg","status":"publish","type":"page","link":"https:\/\/muehlenmuseum-steinmuehle.de\/?page_id=38","title":{"rendered":"Rotk\u00e4ppchenbahnradweg"},"content":{"rendered":"<p><img loading=\"lazy\" decoding=\"async\" class=\" wp-image-254 alignright\" src=\"http:\/\/muehlenmuseum-steinmuehle.de\/wp-content\/uploads\/2019\/06\/logo-1.jpg\" alt=\"\" width=\"416\" height=\"217\" srcset=\"https:\/\/muehlenmuseum-steinmuehle.de\/wp-content\/uploads\/2019\/06\/logo-1.jpg 894w, https:\/\/muehlenmuseum-steinmuehle.de\/wp-content\/uploads\/2019\/06\/logo-1-300x156.jpg 300w, https:\/\/muehlenmuseum-steinmuehle.de\/wp-content\/uploads\/2019\/06\/logo-1-768x400.jpg 768w, https:\/\/muehlenmuseum-steinmuehle.de\/wp-content\/uploads\/2019\/06\/logo-1-150x78.jpg 150w\" sizes=\"(max-width: 416px) 100vw, 416px\" \/>M\u00e4rchenhaft radeln auf der ehemaligen Bahntrasse von Schwalmstadt-Treysa nach Oberaula-Wahlshausen und weiter durch das Aulatal nach Niederaula zum Fulda-Radweg R1. Der Bahnradweg Rotk\u00e4ppchenland verbindet die m\u00e4rchenhafte Landschaft der Schwalm mit dem Fuldatal. Erleben Sie auf dem ca. 60 km langen Radweg von Neustadt(Neustadt) bis Niederaula faszinierende Ausblicke in Natur und Landschaft. Historische Bahngeb\u00e4ude, Eisenbahnbr\u00fccken, Bahnzeichen und -schilder sind ebenso Hingucker wie moderne Kunstwerke am Wegesrand. Die Steinm\u00fchle liegt direkt am Radweg.<br \/>\nDas Kernst\u00fcck zwischen Treysa und Wahlshausen ist die alte Bahntrasse mit rund 36 Kilometern. Die Trasse f\u00fchrte von Treysa \u00fcber Niederaula nach Bad Hersfeld und war bekannt als die &#8222;Kn\u00fcllwaldbahn&#8220;. Bis 1999 wurde sie nach und nach stillgelegt.<\/p>\n<div id=\"mehr-281081465812799\" class=\"tabs-panel details-tab is-active\" role=\"tabpanel\" aria-hidden=\"false\" aria-labelledby=\"mehr-281081465812799-label\">\n<div class=\"eventText\">\n<p>Der Bahnradweg Rotk\u00e4ppchenland verbindet die &#8222;m\u00e4rchenhafte&#8220; Landschaft der Schwalm mit dem Fuldatal. Historische Bahngeb\u00e4ude, Eisenbahnbr\u00fccken, Bahnzeichen und -schilder sind ebenso Hingucker wie moderne Kunstwerke am Wegesrand. Durch die Anlage des Radweges auf einer ehemaligen Bahntrasse gibt es sanfte Anstiege und Abfahrten mit maximal 2,8 Prozent.<\/p>\n<p>Am Bahnhof Olberode ist der h\u00f6chsten Punkt des Bahnradweges(420 Meter) erreicht. Der Radweg wird weiter von Oberaula-Wahlshausen bis Niederaula (15 km) abseits der Bahntrasse durch das Aulatal gef\u00fchrt. Von dort aus erreicht man auf dem Fulda-Radweg R1 die Festspielstadt Bad Hersfeld. Das Teilst\u00fcck von Neustadt(Hessen) bis Schwalmstadt-Treysa (12 km) wird stellenweise noch ausgebaut. Hier verl\u00e4uft der Radweg nicht auf der ehemaligen Bahntrasse.<\/p>\n<p>Ausgangspunkte f\u00fcr eine rund 70 km lange, attraktive Tagestour sind die Bahnh\u00f6fe in Schwalmstadt- Treysa und in Bad Hersfeld. Der Bahnradweg ist eingebunden in das deutschlandweite D-Radroutennetz und zwar als Teil der D 4-Strecke, die von West nach Ost, von Aachen bis Zittau, f\u00fchrt.<\/p>\n<p>Direkt am Bahnradweg Rotk\u00e4ppchenland stehen seit Mai 2014 an zwei Verleihstationen in Schwalmstadt-Treysa und in Neukirchen (Kn\u00fcll) 25 hochwertige Pedelecs bereit. Damit kann man kraftsparend durch die m\u00e4rchenhafte Landschaft des Rotk\u00e4ppchenlandes radeln: Der zuschaltbare Motor der Pedelecs bietet echte Unterst\u00fctzung bei Anstiegen oder l\u00e4ngeren Touren und reicht bis zu 100 km.<\/p>\n<p>Die R\u00e4der haben eine 7-Gang-Nabenschaltung, eine R\u00fccktrittbremse sowie einen Mittelmotor. Die R\u00e4der k\u00f6nnen sowohl von Einzelpersonen als auch von Gruppen gemietet werden. Sie wurden dem Tourismusservice Rotk\u00e4ppchenland mit Unterst\u00fctzung des F\u00f6rdervereins Europaradweg Ottrau und von der VR Bank Hessenland zur Verf\u00fcgung gestellt. Die Leihgeb\u00fchren dienen der Finanzierung der laufenden Kosten.<\/p>\n<p>Gegen\u00fcber von der Steinm\u00fchle stehen verschiedene Infotafeln, hier schon mal ein paar Eindr\u00fccke davon:<\/p>\n<div class=\"rl-gallery-container rl-loading\" id=\"rl-gallery-container-1\" data-gallery_id=\"256\"> <div class=\"rl-gallery rl-basicgrid-gallery \" id=\"rl-gallery-1\" data-gallery_no=\"1\"> <div class=\"rl-gallery-item\"><a href=\"https:\/\/muehlenmuseum-steinmuehle.de\/wp-content\/uploads\/2019\/06\/K1600_20160410_115133.jpg\" title=\"\" data-rl_title=\"\" class=\"rl-gallery-link\" data-rl_caption=\"\" data-rel=\"lightbox-gallery-1\"><img loading=\"lazy\" decoding=\"async\" src=\"https:\/\/muehlenmuseum-steinmuehle.de\/wp-content\/uploads\/2019\/06\/K1600_20160410_115133-300x169.jpg\" width=\"300\" height=\"169\" alt=\"\" \/><\/a><\/div><div class=\"rl-gallery-item\"><a href=\"https:\/\/muehlenmuseum-steinmuehle.de\/wp-content\/uploads\/2019\/06\/K1600_20160410_115227.jpg\" title=\"\" data-rl_title=\"\" class=\"rl-gallery-link\" data-rl_caption=\"\" data-rel=\"lightbox-gallery-1\"><img loading=\"lazy\" decoding=\"async\" src=\"https:\/\/muehlenmuseum-steinmuehle.de\/wp-content\/uploads\/2019\/06\/K1600_20160410_115227-300x169.jpg\" width=\"300\" height=\"169\" alt=\"\" \/><\/a><\/div><div class=\"rl-gallery-item\"><a href=\"https:\/\/muehlenmuseum-steinmuehle.de\/wp-content\/uploads\/2019\/06\/m\u00fchlen-ander-grenf.jpg\" title=\"\" data-rl_title=\"\" class=\"rl-gallery-link\" data-rl_caption=\"\" data-rel=\"lightbox-gallery-1\"><img loading=\"lazy\" decoding=\"async\" src=\"https:\/\/muehlenmuseum-steinmuehle.de\/wp-content\/uploads\/2019\/06\/m\u00fchlen-ander-grenf-174x300.jpg\" width=\"174\" height=\"300\" alt=\"\" \/><\/a><\/div><div class=\"rl-gallery-item\"><a href=\"https:\/\/muehlenmuseum-steinmuehle.de\/wp-content\/uploads\/2019\/06\/das-m\u00fchlensterben.jpg\" title=\"\" data-rl_title=\"\" class=\"rl-gallery-link\" data-rl_caption=\"\" data-rel=\"lightbox-gallery-1\"><img loading=\"lazy\" decoding=\"async\" src=\"https:\/\/muehlenmuseum-steinmuehle.de\/wp-content\/uploads\/2019\/06\/das-m\u00fchlensterben-300x233.jpg\" width=\"300\" height=\"233\" alt=\"\" \/><\/a><\/div> <\/div> <\/div>\n<\/div>\n<\/div>\n","protected":false},"excerpt":{"rendered":"<p>M\u00e4rchenhaft radeln auf der ehemaligen Bahntrasse von Schwalmstadt-Treysa nach Oberaula-Wahlshausen und weiter durch das Aulatal nach Niederaula zum Fulda-Radweg R1. Der Bahnradweg Rotk\u00e4ppchenland verbindet die m\u00e4rchenhafte Landschaft der Schwalm mit dem Fuldatal. Erleben Sie auf dem ca. 60 km langen Radweg von Neustadt(Neustadt) bis Niederaula faszinierende Ausblicke in Natur und&#8230;<\/p>\n<p> <a class=\"continue-reading-link\" href=\"https:\/\/muehlenmuseum-steinmuehle.de\/?page_id=38\"><span>Weiterlesen<\/span><i class=\"crycon-right-dir\"><\/i><\/a> <\/p>\n","protected":false},"author":1,"featured_media":0,"parent":0,"menu_order":0,"comment_status":"closed","ping_status":"closed","template":"","meta":{"footnotes":""},"_links":{"self":[{"href":"https:\/\/muehlenmuseum-steinmuehle.de\/index.php?rest_route=\/wp\/v2\/pages\/38"}],"collection":[{"href":"https:\/\/muehlenmuseum-steinmuehle.de\/index.php?rest_route=\/wp\/v2\/pages"}],"about":[{"href":"https:\/\/muehlenmuseum-steinmuehle.de\/index.php?rest_route=\/wp\/v2\/types\/page"}],"author":[{"embeddable":true,"href":"https:\/\/muehlenmuseum-steinmuehle.de\/index.php?rest_route=\/wp\/v2\/users\/1"}],"replies":[{"embeddable":true,"href":"https:\/\/muehlenmuseum-steinmuehle.de\/index.php?rest_route=%2Fwp%2Fv2%2Fcomments&post=38"}],"version-history":[{"count":5,"href":"https:\/\/muehlenmuseum-steinmuehle.de\/index.php?rest_route=\/wp\/v2\/pages\/38\/revisions"}],"predecessor-version":[{"id":242,"href":"https:\/\/muehlenmuseum-steinmuehle.de\/index.php?rest_route=\/wp\/v2\/pages\/38\/revisions\/242"}],"wp:attachment":[{"href":"https:\/\/muehlenmuseum-steinmuehle.de\/index.php?rest_route=%2Fwp%2Fv2%2Fmedia&parent=38"}],"curies":[{"name":"wp","href":"https:\/\/api.w.org\/{rel}","templated":true}]}}