{"id":36,"date":"2019-06-25T09:32:41","date_gmt":"2019-06-25T09:32:41","guid":{"rendered":"http:\/\/muehlenmuseum-steinmuehle.de\/?page_id=36"},"modified":"2019-06-25T19:06:10","modified_gmt":"2019-06-25T19:06:10","slug":"willkommen-in-der-steinmuehle","status":"publish","type":"page","link":"https:\/\/muehlenmuseum-steinmuehle.de\/?page_id=36","title":{"rendered":"Willkommen in der Steinm\u00fchle"},"content":{"rendered":"<p>Technik aus vergangener Zeit, die noch heute fasziniert. und was die M\u00fchlen immer waren, stille Botschaft vom Sinn und Ziel des Lebens, die niemals alt wird. Die Steinm\u00fchle in Ottrau Schorbach in der Schwalm &#8211; ein Ort, an dem Vergangenheit lebendig ist.<\/p>\n<p>Der M\u00fcller &#8211; Jeder Mensch hat seine M\u00fchle, mahlt und wir gemahlen. Jeder Mensch mu\u00df irgendwie ein M\u00fcller sein. &#8222;Grobe Leute sind die M\u00fcller gewesen, grob wie die Mahlsteine. Aber wer sie kennt, der wei\u00df, dass sie noch etwas anderes als nur grob waren. Sie betrieben ihr Gesch\u00e4ft des Kornmahlens mit einer seltsamen Ehrfurcht und \u00fcbten das scheinbar so einfache wie eine Kunst.<img loading=\"lazy\" decoding=\"async\" class=\"wp-image-272 alignright\" src=\"http:\/\/muehlenmuseum-steinmuehle.de\/wp-content\/uploads\/2019\/06\/K640_20140502_134056.png\" alt=\"\" width=\"303\" height=\"227\" srcset=\"https:\/\/muehlenmuseum-steinmuehle.de\/wp-content\/uploads\/2019\/06\/K640_20140502_134056.png 640w, https:\/\/muehlenmuseum-steinmuehle.de\/wp-content\/uploads\/2019\/06\/K640_20140502_134056-300x225.png 300w, https:\/\/muehlenmuseum-steinmuehle.de\/wp-content\/uploads\/2019\/06\/K640_20140502_134056-150x113.png 150w\" sizes=\"(max-width: 303px) 100vw, 303px\" \/><\/p>\n<p>Sie waren in allen Handwerken zu Hause. Sie waren grob und kunstsinnig, sie verstanden das Wasser, das Korn und die Bauern. Sie waren ein seltsames Geschlecht, zauberhaft, weil sie die Ernte des Jahres zwischen die Steine sch\u00fctteten, weil sie das lebendige Korn zur Speise umwandelten, aber auch zauberhaft in ihrer Unruhe, die mit den Wellen das Baches zum Flusse, zum Strom, zum Meere eilte, die in den se\u00dfhat Gewordenen weiterwirkte und rauschte in ihren Liedern, Spr\u00fcchen und Geschichten, von denen sie voll und prall waren wie ein Sack voller K\u00f6rner.&#8220;<\/p>\n<p>Man muss die M\u00fchle, das Mahlwerk, den Bach, das R\u00e4derwerk und auch die S\u00e4gen auf sich wirken lassen, wenn man verstehen will, warum Dichter und Maler die M\u00fchle und die Menschen, die zu ihr geh\u00f6ren, so oft besungen und in ihren Bildern f\u00fcr immer festgehalten haben.<\/p>\n<p>Aus Stefan Andres &#8222;Die unsichtbare Mauer&#8220; (gek\u00fcrzte Fassung),<br \/>\nPiper Verlag, M\u00fcnchen<\/p>\n","protected":false},"excerpt":{"rendered":"<p>Technik aus vergangener Zeit, die noch heute fasziniert. und was die M\u00fchlen immer waren, stille Botschaft vom Sinn und Ziel des Lebens, die niemals alt wird. Die Steinm\u00fchle in Ottrau Schorbach in der Schwalm &#8211; ein Ort, an dem Vergangenheit lebendig ist. Der M\u00fcller &#8211; Jeder Mensch hat seine M\u00fchle,&#8230;<\/p>\n<p> <a class=\"continue-reading-link\" href=\"https:\/\/muehlenmuseum-steinmuehle.de\/?page_id=36\"><span>Weiterlesen<\/span><i class=\"crycon-right-dir\"><\/i><\/a> <\/p>\n","protected":false},"author":1,"featured_media":0,"parent":0,"menu_order":0,"comment_status":"closed","ping_status":"closed","template":"","meta":{"footnotes":""},"_links":{"self":[{"href":"https:\/\/muehlenmuseum-steinmuehle.de\/index.php?rest_route=\/wp\/v2\/pages\/36"}],"collection":[{"href":"https:\/\/muehlenmuseum-steinmuehle.de\/index.php?rest_route=\/wp\/v2\/pages"}],"about":[{"href":"https:\/\/muehlenmuseum-steinmuehle.de\/index.php?rest_route=\/wp\/v2\/types\/page"}],"author":[{"embeddable":true,"href":"https:\/\/muehlenmuseum-steinmuehle.de\/index.php?rest_route=\/wp\/v2\/users\/1"}],"replies":[{"embeddable":true,"href":"https:\/\/muehlenmuseum-steinmuehle.de\/index.php?rest_route=%2Fwp%2Fv2%2Fcomments&post=36"}],"version-history":[{"count":6,"href":"https:\/\/muehlenmuseum-steinmuehle.de\/index.php?rest_route=\/wp\/v2\/pages\/36\/revisions"}],"predecessor-version":[{"id":274,"href":"https:\/\/muehlenmuseum-steinmuehle.de\/index.php?rest_route=\/wp\/v2\/pages\/36\/revisions\/274"}],"wp:attachment":[{"href":"https:\/\/muehlenmuseum-steinmuehle.de\/index.php?rest_route=%2Fwp%2Fv2%2Fmedia&parent=36"}],"curies":[{"name":"wp","href":"https:\/\/api.w.org\/{rel}","templated":true}]}}