{"id":28,"date":"2019-06-26T08:16:15","date_gmt":"2019-06-26T08:16:15","guid":{"rendered":"http:\/\/muehlenmuseum-steinmuehle.de\/?page_id=28"},"modified":"2019-06-26T08:30:51","modified_gmt":"2019-06-26T08:30:51","slug":"unsere-preise","status":"publish","type":"page","link":"https:\/\/muehlenmuseum-steinmuehle.de\/?page_id=28","title":{"rendered":"Unsere Preise"},"content":{"rendered":"<div id=\"pl-28\" class=\"panel-layout\">\n<div id=\"pg-28-0\" class=\"panel-grid panel-no-style\" data-style=\"{&quot;background_image_attachment&quot;:false,&quot;background_display&quot;:&quot;tile&quot;,&quot;cell_alignment&quot;:&quot;flex-start&quot;}\" data-ratio=\"0.41421356\" data-ratio-direction=\"right\">\n<div id=\"pgc-28-0-0\" class=\"panel-grid-cell\" data-weight=\"0.34885935969268\">\n<div id=\"panel-28-0-0-0\" class=\"so-panel widget widget_text panel-first-child panel-last-child\" data-index=\"0\" data-style=\"{&quot;background_image_attachment&quot;:false,&quot;background_display&quot;:&quot;tile&quot;}\">\n<h3 class=\"widget-title\">Besichtigung und Preise<\/h3>\n<div class=\"textwidget\">\n<p>Steinm\u00fchle anno 1592!<br \/>\nDie Au\u00dfenanlage der Steinm\u00fchle (S\u00e4gewerk und Wasserrad) kann zu jeder Zeit frei besichtigt werden. Die Besichtigung der gesamten Anlage (S\u00e4gewerk, Reparaturwerkstatt, Wasserrad u. Getreidem\u00fchle) ist nach Absprache m\u00f6glich.<br \/>\nF\u00fchrungen nur f\u00fcr Gruppen ab 10 Personen bei Voranmeldung. Der Preis f\u00fcr die ca. 40 min\u00fctige F\u00fchrung betr\u00e4gt 2,50 \u20ac pro Pers. Weiterhin kann nach vorheriger Absprache eine Kaffeetafel mit \u201eSchw\u00e4lmer Blechkuchen\u201c bzw. eine herzhafte Wurstvesper angeboten werden. Im Rechnungsbetrag ist keine Umsatzsteuer enthalten, da es sich um Ums\u00e4tze im Sinne des \u00a7 19(1) UStG handelt!<\/p>\n<\/div>\n<\/div>\n<\/div>\n<div id=\"pgc-28-0-1\" class=\"panel-grid-cell\" data-weight=\"0.65114064030732\">\n<div id=\"panel-28-0-1-0\" class=\"so-panel widget widget_media_image panel-first-child panel-last-child\" data-index=\"1\" data-style=\"{&quot;background_image_attachment&quot;:false,&quot;background_display&quot;:&quot;tile&quot;}\"><a href=\"http:\/\/muehlenmuseum-steinmuehle.de\/wp-content\/uploads\/2019\/06\/Preislist.jpg\" data-rel=\"lightbox-image-0\" data-rl_title=\"\" data-rl_caption=\"\" title=\"\"><img loading=\"lazy\" decoding=\"async\" class=\"alignnone wp-image-20\" src=\"http:\/\/muehlenmuseum-steinmuehle.de\/wp-content\/uploads\/2019\/06\/Preislist.jpg\" alt=\"\" width=\"463\" height=\"484\" srcset=\"https:\/\/muehlenmuseum-steinmuehle.de\/wp-content\/uploads\/2019\/06\/Preislist.jpg 958w, https:\/\/muehlenmuseum-steinmuehle.de\/wp-content\/uploads\/2019\/06\/Preislist-287x300.jpg 287w, https:\/\/muehlenmuseum-steinmuehle.de\/wp-content\/uploads\/2019\/06\/Preislist-768x802.jpg 768w, https:\/\/muehlenmuseum-steinmuehle.de\/wp-content\/uploads\/2019\/06\/Preislist-144x150.jpg 144w\" sizes=\"(max-width: 463px) 100vw, 463px\" \/><\/a><\/div>\n<\/div>\n<\/div>\n<\/div>\n","protected":false},"excerpt":{"rendered":"<p>Besichtigung und Preise Steinm\u00fchle anno 1592! Die Au\u00dfenanlage der Steinm\u00fchle (S\u00e4gewerk und Wasserrad) kann zu jeder Zeit frei besichtigt werden. Die Besichtigung der gesamten Anlage (S\u00e4gewerk, Reparaturwerkstatt, Wasserrad u. Getreidem\u00fchle) ist nach Absprache m\u00f6glich. F\u00fchrungen nur f\u00fcr Gruppen ab 10 Personen bei Voranmeldung. Der Preis f\u00fcr die ca. 40 min\u00fctige&#8230;<\/p>\n<p> <a class=\"continue-reading-link\" href=\"https:\/\/muehlenmuseum-steinmuehle.de\/?page_id=28\"><span>Weiterlesen<\/span><i class=\"crycon-right-dir\"><\/i><\/a> <\/p>\n","protected":false},"author":1,"featured_media":0,"parent":0,"menu_order":0,"comment_status":"closed","ping_status":"closed","template":"templates\/template-onecolumn.php","meta":{"footnotes":""},"_links":{"self":[{"href":"https:\/\/muehlenmuseum-steinmuehle.de\/index.php?rest_route=\/wp\/v2\/pages\/28"}],"collection":[{"href":"https:\/\/muehlenmuseum-steinmuehle.de\/index.php?rest_route=\/wp\/v2\/pages"}],"about":[{"href":"https:\/\/muehlenmuseum-steinmuehle.de\/index.php?rest_route=\/wp\/v2\/types\/page"}],"author":[{"embeddable":true,"href":"https:\/\/muehlenmuseum-steinmuehle.de\/index.php?rest_route=\/wp\/v2\/users\/1"}],"replies":[{"embeddable":true,"href":"https:\/\/muehlenmuseum-steinmuehle.de\/index.php?rest_route=%2Fwp%2Fv2%2Fcomments&post=28"}],"version-history":[{"count":9,"href":"https:\/\/muehlenmuseum-steinmuehle.de\/index.php?rest_route=\/wp\/v2\/pages\/28\/revisions"}],"predecessor-version":[{"id":305,"href":"https:\/\/muehlenmuseum-steinmuehle.de\/index.php?rest_route=\/wp\/v2\/pages\/28\/revisions\/305"}],"wp:attachment":[{"href":"https:\/\/muehlenmuseum-steinmuehle.de\/index.php?rest_route=%2Fwp%2Fv2%2Fmedia&parent=28"}],"curies":[{"name":"wp","href":"https:\/\/api.w.org\/{rel}","templated":true}]}}